{"id":1101,"date":"2022-02-15T15:22:15","date_gmt":"2022-02-15T15:22:15","guid":{"rendered":"https:\/\/avadawebsites.wpengine.com\/car-dealership\/?page_id=1101"},"modified":"2024-06-13T19:55:07","modified_gmt":"2024-06-13T17:55:07","slug":"ueber-uns","status":"publish","type":"page","link":"https:\/\/www.hotpointpremierenergy.com\/de\/ueber-uns\/","title":{"rendered":"\u00dcber uns"},"content":{"rendered":"<p><div class=\"fusion-fullwidth fullwidth-box fusion-builder-row-1 fusion-flex-container has-pattern-background has-mask-background nonhundred-percent-fullwidth non-hundred-percent-height-scrolling teasertxt\" style=\"--awb-border-radius-top-left:0px;--awb-border-radius-top-right:0px;--awb-border-radius-bottom-right:0px;--awb-border-radius-bottom-left:0px;--awb-margin-top:0px;--awb-margin-bottom:0px;--awb-flex-wrap:wrap;\" ><div class=\"fusion-builder-row fusion-row fusion-flex-align-items-flex-start fusion-flex-content-wrap\" style=\"max-width:1393.6px;margin-left: calc(-4% \/ 2 );margin-right: calc(-4% \/ 2 );\"><div class=\"fusion-layout-column fusion_builder_column fusion-builder-column-0 fusion_builder_column_1_1 1_1 fusion-flex-column\" style=\"--awb-bg-size:cover;--awb-width-large:100%;--awb-margin-top-large:0px;--awb-spacing-right-large:1.92%;--awb-margin-bottom-large:0px;--awb-spacing-left-large:1.92%;--awb-width-medium:100%;--awb-order-medium:0;--awb-spacing-right-medium:1.92%;--awb-spacing-left-medium:1.92%;--awb-width-small:100%;--awb-order-small:0;--awb-spacing-right-small:1.92%;--awb-spacing-left-small:1.92%;\" data-scroll-devices=\"small-visibility,medium-visibility,large-visibility\"><div class=\"fusion-column-wrapper fusion-column-has-shadow fusion-flex-justify-content-flex-start fusion-content-layout-column\"><div class=\"fusion-text fusion-text-1 fusion-text-no-margin\" style=\"--awb-font-size:40px;--awb-line-height:1.5;\"><p style=\"text-align: center;\"><span style=\"color: #2364c4;\"><strong>Hot Point Premier Energy LLC<\/strong><\/span> ist ein Trading-Unternehmen und arbeitet eng mit namhaften Unternehmen, die weltweit im Handelsgesch\u00e4ft agieren, zusammen. Das Trading-Unternehmen wurde im Jahr 2016 von Herrn Dr. Ahmadudin Wais und Herrn Nasser Salim Al-Yahmadi mit dem Sitz in <strong>Maskat, Oman<\/strong> gegr\u00fcndet.<\/p>\n<\/div><\/div><\/div><\/div><\/div><div class=\"fusion-fullwidth fullwidth-box fusion-builder-row-2 fusion-flex-container has-pattern-background has-mask-background hundred-percent-fullwidth non-hundred-percent-height-scrolling\" style=\"--awb-border-radius-top-left:0px;--awb-border-radius-top-right:0px;--awb-border-radius-bottom-right:0px;--awb-border-radius-bottom-left:0px;--awb-padding-right:0px;--awb-padding-left:0px;--awb-flex-wrap:wrap;\" ><div class=\"fusion-builder-row fusion-row fusion-flex-align-items-stretch fusion-flex-content-wrap\" style=\"width:104% !important;max-width:104% !important;margin-left: calc(-4% \/ 2 );margin-right: calc(-4% \/ 2 );\"><div class=\"fusion-layout-column fusion_builder_column fusion-builder-column-1 fusion_builder_column_1_4 1_4 fusion-flex-column\" style=\"--awb-bg-size:cover;--awb-width-large:25%;--awb-margin-top-large:0px;--awb-spacing-right-large:7.68%;--awb-margin-bottom-large:20px;--awb-spacing-left-large:7.68%;--awb-width-medium:25%;--awb-order-medium:0;--awb-spacing-right-medium:7.68%;--awb-spacing-left-medium:7.68%;--awb-width-small:100%;--awb-order-small:0;--awb-spacing-right-small:1.92%;--awb-spacing-left-small:1.92%;\"><div class=\"fusion-column-wrapper fusion-column-has-shadow fusion-flex-justify-content-flex-start fusion-content-layout-column\"><\/div><\/div><div class=\"fusion-layout-column fusion_builder_column fusion-builder-column-2 fusion_builder_column_1_2 1_2 fusion-flex-column fusion-flex-align-self-stretch\" style=\"--awb-padding-top:80px;--awb-padding-right:40px;--awb-padding-bottom:80px;--awb-padding-left:40px;--awb-bg-image:url(&#039;https:\/\/hotpoint.esc-dev.de\/wp-content\/uploads\/2024\/05\/dr_ahmaddudien_wais.jpg&#039;);--awb-bg-position:right top;--awb-bg-size:cover;--awb-transition:filter 300ms linear, transform 300ms linear, background-color 300ms linear, border-color 300ms linear;--awb-border-color:#1a3365;--awb-border-style:solid;--awb-width-large:50%;--awb-margin-top-large:0px;--awb-spacing-right-large:3.84%;--awb-margin-bottom-large:20px;--awb-spacing-left-large:3.84%;--awb-width-medium:50%;--awb-order-medium:0;--awb-spacing-right-medium:3.84%;--awb-spacing-left-medium:3.84%;--awb-width-small:100%;--awb-order-small:0;--awb-spacing-right-small:1.92%;--awb-spacing-left-small:1.92%;\" data-scroll-devices=\"small-visibility,medium-visibility,large-visibility\"><div class=\"fusion-column-wrapper fusion-column-has-shadow fusion-flex-justify-content-center fusion-content-layout-column fusion-column-has-bg-image\" data-bg-url=\"https:\/\/hotpoint.esc-dev.de\/wp-content\/uploads\/2024\/05\/dr_ahmaddudien_wais.jpg\"><div class=\"fusion-title title fusion-title-1 fusion-sep-none fusion-title-text fusion-title-size-four\" style=\"--awb-text-color:var(--awb-color5);--awb-margin-top:0px;--awb-margin-bottom:20px;--awb-font-size:20px;\"><h4 class=\"fusion-title-heading title-heading-left fusion-responsive-typography-calculated\" style=\"margin:0;text-transform:capitalize;font-size:1em;--fontSize:20;--minFontSize:20;line-height:var(--awb-typography1-line-height);\">Gr\u00fcnder<\/h4><\/div><div class=\"fusion-title title fusion-title-2 fusion-sep-none fusion-title-text fusion-title-size-three\" style=\"--awb-text-color:var(--awb-color1);--awb-margin-top:0px;--awb-margin-bottom:0px;--awb-font-size:25px;\"><h3 class=\"fusion-title-heading title-heading-left fusion-responsive-typography-calculated\" style=\"margin:0;text-transform:capitalize;font-size:1em;--fontSize:25;--minFontSize:25;line-height:var(--awb-typography1-line-height);\">Mr. Nasser Salim Al-Yahmadi<\/h3><\/div><div class=\"fusion-text fusion-text-2\" style=\"--awb-font-size:var(--awb-typography2-font-size);--awb-line-height:var(--awb-typography2-line-height);--awb-letter-spacing:var(--awb-typography2-letter-spacing);--awb-text-transform:capitalize;--awb-text-color:var(--awb-color1);--awb-text-font-family:var(--awb-typography2-font-family);--awb-text-font-weight:var(--awb-typography2-font-weight);--awb-text-font-style:var(--awb-typography2-font-style);\"><p>CEO Hotpoint<\/p>\n<\/div><\/div><\/div><div class=\"fusion-layout-column fusion_builder_column fusion-builder-column-3 fusion_builder_column_1_4 1_4 fusion-flex-column\" style=\"--awb-bg-size:cover;--awb-width-large:25%;--awb-margin-top-large:0px;--awb-spacing-right-large:7.68%;--awb-margin-bottom-large:20px;--awb-spacing-left-large:7.68%;--awb-width-medium:25%;--awb-order-medium:0;--awb-spacing-right-medium:7.68%;--awb-spacing-left-medium:7.68%;--awb-width-small:100%;--awb-order-small:0;--awb-spacing-right-small:1.92%;--awb-spacing-left-small:1.92%;\"><div class=\"fusion-column-wrapper fusion-column-has-shadow fusion-flex-justify-content-flex-start fusion-content-layout-column\"><\/div><\/div><\/div><\/div><div class=\"fusion-fullwidth fullwidth-box fusion-builder-row-3 fusion-flex-container has-pattern-background has-mask-background nonhundred-percent-fullwidth non-hundred-percent-height-scrolling\" style=\"--awb-border-radius-top-left:0px;--awb-border-radius-top-right:0px;--awb-border-radius-bottom-right:0px;--awb-border-radius-bottom-left:0px;--awb-margin-top:80px;--awb-margin-bottom:100px;--awb-margin-top-medium:40px;--awb-margin-bottom-medium:40px;--awb-flex-wrap:wrap;\" ><div class=\"fusion-builder-row fusion-row fusion-flex-align-items-flex-start fusion-flex-content-wrap\" style=\"max-width:1393.6px;margin-left: calc(-4% \/ 2 );margin-right: calc(-4% \/ 2 );\"><div class=\"fusion-layout-column fusion_builder_column fusion-builder-column-4 fusion_builder_column_1_2 1_2 fusion-flex-column\" style=\"--awb-bg-size:cover;--awb-width-large:50%;--awb-margin-top-large:0px;--awb-spacing-right-large:3.84%;--awb-margin-bottom-large:20px;--awb-spacing-left-large:3.84%;--awb-width-medium:50%;--awb-order-medium:0;--awb-spacing-right-medium:3.84%;--awb-spacing-left-medium:3.84%;--awb-width-small:100%;--awb-order-small:0;--awb-spacing-right-small:1.92%;--awb-spacing-left-small:1.92%;\" data-scroll-devices=\"small-visibility,medium-visibility,large-visibility\"><div class=\"fusion-column-wrapper fusion-column-has-shadow fusion-flex-justify-content-flex-start fusion-content-layout-column\"><div class=\"fusion-text fusion-text-3\" style=\"--awb-font-size:25px;--awb-line-height:var(--awb-typography2-line-height);--awb-letter-spacing:var(--awb-typography2-letter-spacing);--awb-text-transform:var(--awb-typography2-text-transform);--awb-text-color:var(--awb-color8);--awb-text-font-family:var(--awb-typography2-font-family);--awb-text-font-weight:var(--awb-typography2-font-weight);--awb-text-font-style:var(--awb-typography2-font-style);\"><p style=\"text-align: left;\"><strong>Hot Point Premier Energy LLC<\/strong> ist ein f\u00fchrendes Unternehmen in Bezug auf das Trading in der <strong>\u00d6l- und Energieindustrie<\/strong>, das sich auf Effizienz, Innovation, Nachhaltigkeit und internationale Expansion konzentriert. Durch unsere starken, internationalen Partner haben wir zudem die M\u00f6glichkeit, <strong>Rohstoffe<\/strong> jeglicher Art, als auch <strong>Edelmetalle<\/strong> anzubieten.<\/p>\n<p style=\"text-align: left;\">Des Weiteren bieten wir auch <strong>WIND-, WASSER- und SOLARENERGIE<\/strong> an, um der Desertifikation entgegenzuwirken.<\/p>\n<\/div><div class=\"fusion-text fusion-text-4\" style=\"--awb-font-size:25px;--awb-line-height:var(--awb-typography2-line-height);--awb-letter-spacing:var(--awb-typography2-letter-spacing);--awb-text-transform:var(--awb-typography2-text-transform);--awb-text-color:var(--awb-color8);--awb-margin-top:10px;--awb-text-font-family:var(--awb-typography2-font-family);--awb-text-font-weight:var(--awb-typography2-font-weight);--awb-text-font-style:var(--awb-typography2-font-style);\"><p>Wir bieten eine umfangreiche Unterst\u00fctzung im Handelsgesch\u00e4ft von der Produktbeschaffung bis hin zum Transport der gew\u00fcnschten G\u00fcter.<\/p>\n<p>Die Gr\u00fcnder von <strong>Hot Point Premier Energy LLC<\/strong> verf\u00fcgen \u00fcber exzellente Gesch\u00e4ftskontakte zu <a href=\"https:\/\/www.qatarenergy.qa\/en\/Pages\/vHome.aspx\" target=\"_blank\" rel=\"noopener\">Qatar Petroleum und Qatar Energy<\/a> und sind dadurch in der Lage, eine wahrnehmbare Erfolgsposition im engen Markt der \u00d6l-und Energieindustrie einzunehmen. Durch diese Partnerschaften k\u00f6nnen wir entsprechend auf die Interessen unserer Kunden eingehen.<\/p>\n<\/div><\/div><\/div><div class=\"fusion-layout-column fusion_builder_column fusion-builder-column-5 fusion_builder_column_1_2 1_2 fusion-flex-column\" style=\"--awb-bg-size:cover;--awb-width-large:50%;--awb-margin-top-large:0px;--awb-spacing-right-large:3.84%;--awb-margin-bottom-large:0px;--awb-spacing-left-large:3.84%;--awb-width-medium:50%;--awb-order-medium:0;--awb-spacing-right-medium:3.84%;--awb-spacing-left-medium:3.84%;--awb-width-small:100%;--awb-order-small:0;--awb-spacing-right-small:1.92%;--awb-spacing-left-small:1.92%;\" data-scroll-devices=\"small-visibility,medium-visibility,large-visibility\"><div class=\"fusion-column-wrapper fusion-column-has-shadow fusion-flex-justify-content-flex-start fusion-content-layout-column\"><div class=\"fusion-image-element \" style=\"--awb-caption-margin-top:10px;--awb-caption-title-font-family:&quot;Montserrat&quot;;--awb-caption-title-font-weight:700;--awb-caption-title-font-style:normal;--awb-caption-title-size:18px;--awb-caption-title-transform:var(--awb-typography1-text-transform);--awb-caption-title-line-height:1.2;--awb-caption-title-letter-spacing:var(--body_typography-letter-spacing);\"><span class=\" fusion-imageframe imageframe-none imageframe-1 hover-type-none\"><a class=\"fusion-no-lightbox\" href=\"https:\/\/timesofoman.com\/article\/7300-german-investors-plan-1gw-capacity-solar-project-in-oman\" target=\"_blank\" aria-label=\"oil_raffinerieanlage\" rel=\"noopener noreferrer\"><img decoding=\"async\" width=\"1200\" height=\"800\" src=\"https:\/\/hotpoint.esc-dev.de\/wp-content\/uploads\/2024\/05\/oil_raffinerieanlage.jpg\" alt class=\"img-responsive wp-image-3833\" srcset=\"https:\/\/www.hotpointpremierenergy.com\/wp-content\/uploads\/2024\/05\/oil_raffinerieanlage-200x133.jpg 200w, https:\/\/www.hotpointpremierenergy.com\/wp-content\/uploads\/2024\/05\/oil_raffinerieanlage-400x267.jpg 400w, https:\/\/www.hotpointpremierenergy.com\/wp-content\/uploads\/2024\/05\/oil_raffinerieanlage-600x400.jpg 600w, https:\/\/www.hotpointpremierenergy.com\/wp-content\/uploads\/2024\/05\/oil_raffinerieanlage-800x533.jpg 800w, https:\/\/www.hotpointpremierenergy.com\/wp-content\/uploads\/2024\/05\/oil_raffinerieanlage.jpg 1200w\" sizes=\"(max-width: 800px) 100vw, 800px\" \/><\/a><\/span><\/div><div class=\"fusion-text fusion-text-5\" style=\"--awb-font-size:25px;--awb-line-height:var(--awb-typography2-line-height);--awb-letter-spacing:var(--awb-typography2-letter-spacing);--awb-text-transform:var(--awb-typography2-text-transform);--awb-text-color:var(--awb-color8);--awb-margin-top:10px;--awb-text-font-family:var(--awb-typography2-font-family);--awb-text-font-weight:var(--awb-typography2-font-weight);--awb-text-font-style:var(--awb-typography2-font-style);\"><p>Somit haben unsere Kunden einen engagierten Partner an ihrer Seite, der einen Full Service bietet und damit Erfolg und Wachstum schafft. Unser Ziel ist es, f\u00fcr unsere Kunden eine langfristige Rentabilit\u00e4t, Wettbewerbsf\u00e4higkeit und Nachhaltigkeit sicherzustellen. Wir setzen auf langfristige Partnerschaften und gleichzeitig auf die stetige Verbesserung der Wettbewerbsposition unserer Kunden.<\/p>\n<\/div><\/div><\/div><\/div><\/div><\/p>\n","protected":false},"excerpt":{"rendered":"","protected":false},"author":1,"featured_media":0,"parent":0,"menu_order":0,"comment_status":"closed","ping_status":"closed","template":"","meta":{"footnotes":""},"class_list":["post-1101","page","type-page","status-publish","hentry"],"_links":{"self":[{"href":"https:\/\/www.hotpointpremierenergy.com\/de\/wp-json\/wp\/v2\/pages\/1101","targetHints":{"allow":["GET"]}}],"collection":[{"href":"https:\/\/www.hotpointpremierenergy.com\/de\/wp-json\/wp\/v2\/pages"}],"about":[{"href":"https:\/\/www.hotpointpremierenergy.com\/de\/wp-json\/wp\/v2\/types\/page"}],"author":[{"embeddable":true,"href":"https:\/\/www.hotpointpremierenergy.com\/de\/wp-json\/wp\/v2\/users\/1"}],"replies":[{"embeddable":true,"href":"https:\/\/www.hotpointpremierenergy.com\/de\/wp-json\/wp\/v2\/comments?post=1101"}],"version-history":[{"count":140,"href":"https:\/\/www.hotpointpremierenergy.com\/de\/wp-json\/wp\/v2\/pages\/1101\/revisions"}],"predecessor-version":[{"id":4832,"href":"https:\/\/www.hotpointpremierenergy.com\/de\/wp-json\/wp\/v2\/pages\/1101\/revisions\/4832"}],"wp:attachment":[{"href":"https:\/\/www.hotpointpremierenergy.com\/de\/wp-json\/wp\/v2\/media?parent=1101"}],"curies":[{"name":"wp","href":"https:\/\/api.w.org\/{rel}","templated":true}]}}